{"id":3472,"date":"2026-02-17T21:51:44","date_gmt":"2026-02-18T00:51:44","guid":{"rendered":"https:\/\/bertuluccimoveis.com.br\/?page_id=3472"},"modified":"2026-02-22T10:38:33","modified_gmt":"2026-02-22T13:38:33","slug":"home","status":"publish","type":"page","link":"https:\/\/bertuluccimoveis.com.br\/","title":{"rendered":"Home"},"content":{"rendered":"\t\t<div data-elementor-type=\"wp-page\" data-elementor-id=\"3472\" class=\"elementor elementor-3472\">\n\t\t\t\t\t\t\t<div class=\"elementor-element elementor-element-035df9f e-con-full e-flex e-con e-parent\" data-id=\"035df9f\" data-element_type=\"container\" data-settings=\"{&quot;content_width&quot;:&quot;full&quot;}\" data-core-v316-plus=\"true\">\n\t\t<div class=\"elementor-element elementor-element-8cd9daf e-con-full e-flex e-con e-child\" data-id=\"8cd9daf\" data-element_type=\"container\" data-settings=\"{&quot;content_width&quot;:&quot;full&quot;}\">\n\t\t\t\t<div class=\"elementor-element elementor-element-3cc1c17 elementor-widget elementor-widget-heading\" data-id=\"3cc1c17\" data-element_type=\"widget\" data-widget_type=\"heading.default\">\n\t\t\t\t<div class=\"elementor-widget-container\">\n\t\t\t<style>\/*! elementor - v3.16.0 - 20-09-2023 *\/\n.elementor-heading-title{padding:0;margin:0;line-height:1}.elementor-widget-heading .elementor-heading-title[class*=elementor-size-]>a{color:inherit;font-size:inherit;line-height:inherit}.elementor-widget-heading .elementor-heading-title.elementor-size-small{font-size:15px}.elementor-widget-heading .elementor-heading-title.elementor-size-medium{font-size:19px}.elementor-widget-heading .elementor-heading-title.elementor-size-large{font-size:29px}.elementor-widget-heading .elementor-heading-title.elementor-size-xl{font-size:39px}.elementor-widget-heading .elementor-heading-title.elementor-size-xxl{font-size:59px}<\/style><h1 class=\"elementor-heading-title elementor-size-large\">M\u00f3veis corporativos que unem conforto, funcionalidade e design\n<\/h1>\t\t<\/div>\n\t\t\t\t<\/div>\n\t\t\t\t<div class=\"elementor-element elementor-element-cd30dfb elementor-widget elementor-widget-heading\" data-id=\"cd30dfb\" data-element_type=\"widget\" data-widget_type=\"heading.default\">\n\t\t\t\t<div class=\"elementor-widget-container\">\n\t\t\t<h2 class=\"elementor-heading-title elementor-size-default\">Solu\u00e7\u00f5es em m\u00f3veis para escrit\u00f3rio, home office e ambientes corporativos, com foco em ergonomia, qualidade e excelente custo-benef\u00edcio.\n<\/h2>\t\t<\/div>\n\t\t\t\t<\/div>\n\t\t\t\t<div class=\"elementor-element elementor-element-b3511e3 elementor-widget elementor-widget-button\" data-id=\"b3511e3\" data-element_type=\"widget\" data-widget_type=\"button.default\">\n\t\t\t\t<div class=\"elementor-widget-container\">\n\t\t\t\t\t<div class=\"elementor-button-wrapper\">\n\t\t\t<a class=\"elementor-button elementor-button-link elementor-size-md\" href=\"https:\/\/wa.me\/5534992062473\">\n\t\t\t\t\t\t<span class=\"elementor-button-content-wrapper\">\n\t\t\t\t\t\t<span class=\"elementor-button-text\">Solicitar or\u00e7amento no Whatsapp<\/span>\n\t\t<\/span>\n\t\t\t\t\t<\/a>\n\t\t<\/div>\n\t\t\t\t<\/div>\n\t\t\t\t<\/div>\n\t\t\t\t<\/div>\n\t\t<div class=\"elementor-element elementor-element-7b84f46 e-con-full e-flex e-con e-child\" data-id=\"7b84f46\" data-element_type=\"container\" data-settings=\"{&quot;content_width&quot;:&quot;full&quot;,&quot;background_background&quot;:&quot;classic&quot;}\" data-e-bg-lazyload=\"\">\n\t\t\t\t<\/div>\n\t\t\t\t<\/div>\n\t\t\t\t\t\t\t<\/div>\n\t\t","protected":false},"excerpt":{"rendered":"<p>M\u00f3veis corporativos que unem conforto, funcionalidade e design Solu\u00e7\u00f5es em m\u00f3veis para escrit\u00f3rio, home office e ambientes corporativos, com foco em ergonomia, qualidade e excelente custo-benef\u00edcio. Solicitar or\u00e7amento no Whatsapp<\/p>\n","protected":false},"author":1,"featured_media":0,"parent":0,"menu_order":0,"comment_status":"closed","ping_status":"closed","template":"elementor_header_footer","meta":{"_mi_skip_tracking":false,"_joinchat":[]},"blocksy_meta":"","aioseo_notices":[],"_links":{"self":[{"href":"https:\/\/bertuluccimoveis.com.br\/index.php\/wp-json\/wp\/v2\/pages\/3472"}],"collection":[{"href":"https:\/\/bertuluccimoveis.com.br\/index.php\/wp-json\/wp\/v2\/pages"}],"about":[{"href":"https:\/\/bertuluccimoveis.com.br\/index.php\/wp-json\/wp\/v2\/types\/page"}],"author":[{"embeddable":true,"href":"https:\/\/bertuluccimoveis.com.br\/index.php\/wp-json\/wp\/v2\/users\/1"}],"replies":[{"embeddable":true,"href":"https:\/\/bertuluccimoveis.com.br\/index.php\/wp-json\/wp\/v2\/comments?post=3472"}],"version-history":[{"count":19,"href":"https:\/\/bertuluccimoveis.com.br\/index.php\/wp-json\/wp\/v2\/pages\/3472\/revisions"}],"predecessor-version":[{"id":3511,"href":"https:\/\/bertuluccimoveis.com.br\/index.php\/wp-json\/wp\/v2\/pages\/3472\/revisions\/3511"}],"wp:attachment":[{"href":"https:\/\/bertuluccimoveis.com.br\/index.php\/wp-json\/wp\/v2\/media?parent=3472"}],"curies":[{"name":"wp","href":"https:\/\/api.w.org\/{rel}","templated":true}]}}