{"id":3458,"date":"2026-02-17T17:21:17","date_gmt":"2026-02-17T20:21:17","guid":{"rendered":"https:\/\/bertuluccimoveis.com.br\/index.php\/product\/cadeira-giratoria-fluidy-relax-com-bracos-regulaveis\/"},"modified":"2026-02-22T10:49:27","modified_gmt":"2026-02-22T13:49:27","slug":"cadeira-giratoria-fluidy-relax-com-bracos-regulaveis","status":"publish","type":"product","link":"https:\/\/bertuluccimoveis.com.br\/index.php\/product\/cadeira-giratoria-fluidy-relax-com-bracos-regulaveis\/","title":{"rendered":"CADEIRA GIRAT\u00d3RIA FLUIDY RELAX COM BRA\u00c7OS REGULAVEIS"},"content":{"rendered":"<p data-start=\"209\" data-end=\"544\">Desenvolvida para oferecer excelente\u00a0<strong data-start=\"246\" data-end=\"265\">custo-benef\u00edcio<\/strong>, a\u00a0<strong data-start=\"269\" data-end=\"287\">cadeira Fluidy<\/strong>\u00a0possui encosto em\u00a0<strong data-start=\"306\" data-end=\"325\">tela respir\u00e1vel<\/strong>, que proporciona melhor ventila\u00e7\u00e3o para as costas, evitando o ac\u00famulo de calor mesmo ap\u00f3s longas horas de uso. Sua\u00a0<strong data-start=\"441\" data-end=\"475\">estrutura de encosto refor\u00e7ada<\/strong>\u00a0garante maior durabilidade e resist\u00eancia, sem abrir m\u00e3o do conforto.<\/p>\n<p data-start=\"546\" data-end=\"738\">Projetada para se adaptar a diferentes ambientes, a Fluidy \u00e9 ideal tanto para\u00a0<strong data-start=\"624\" data-end=\"639\">home office<\/strong>\u00a0quanto para\u00a0<strong data-start=\"652\" data-end=\"676\">espa\u00e7os corporativos<\/strong>, unindo funcionalidade, ergonomia e praticidade no dia a dia.<\/p>\n<p data-start=\"573\" data-end=\"885\">Com diferentes op\u00e7\u00f5es de\u00a0<strong data-start=\"598\" data-end=\"626\">base, mecanismo e bra\u00e7os<\/strong>, a Fluidy se adapta perfeitamente \u00e0s suas necessidades, seja em\u00a0<strong data-start=\"691\" data-end=\"706\">home office<\/strong>\u00a0ou em\u00a0<strong data-start=\"713\" data-end=\"739\">ambientes corporativos<\/strong>. Um modelo que combina\u00a0<strong data-start=\"763\" data-end=\"822\">ergonomia, design funcional e excelente custo-benef\u00edcio<\/strong>, tornando o dia a dia mais produtivo, confort\u00e1vel e agrad\u00e1vel.<\/p>\n","protected":false},"excerpt":{"rendered":"<p data-start=\"209\" data-end=\"544\"><strong data-start=\"96\" data-end=\"124\">Cadeira Fluidy Girat\u00f3ria<\/strong>\u00a0com encosto em tela respir\u00e1vel, estrutura refor\u00e7ada e excelente custo-benef\u00edcio, indicada para home office e ambientes corporativos.<\/p>\n","protected":false},"featured_media":3487,"template":"","meta":{"_mi_skip_tracking":false,"_joinchat":[]},"product_cat":[177],"product_tag":[],"aioseo_notices":[],"_links":{"self":[{"href":"https:\/\/bertuluccimoveis.com.br\/index.php\/wp-json\/wp\/v3\/product\/3458"}],"collection":[{"href":"https:\/\/bertuluccimoveis.com.br\/index.php\/wp-json\/wp\/v3\/product"}],"about":[{"href":"https:\/\/bertuluccimoveis.com.br\/index.php\/wp-json\/wp\/v2\/types\/product"}],"wp:featuredmedia":[{"embeddable":true,"href":"https:\/\/bertuluccimoveis.com.br\/index.php\/wp-json\/wp\/v2\/media\/3487"}],"wp:attachment":[{"href":"https:\/\/bertuluccimoveis.com.br\/index.php\/wp-json\/wp\/v2\/media?parent=3458"}],"wp:term":[{"taxonomy":"product_cat","embeddable":true,"href":"https:\/\/bertuluccimoveis.com.br\/index.php\/wp-json\/wp\/v2\/product_cat?post=3458"},{"taxonomy":"product_tag","embeddable":true,"href":"https:\/\/bertuluccimoveis.com.br\/index.php\/wp-json\/wp\/v2\/product_tag?post=3458"}],"curies":[{"name":"wp","href":"https:\/\/api.w.org\/{rel}","templated":true}]}}