{"id":3465,"date":"2026-02-17T18:49:42","date_gmt":"2026-02-17T21:49:42","guid":{"rendered":"https:\/\/bertuluccimoveis.com.br\/index.php\/product\/cadeira-giratoria-presidente-brizza-back-com-bracos-regulaveis\/"},"modified":"2026-02-17T18:49:42","modified_gmt":"2026-02-17T21:49:42","slug":"cadeira-giratoria-presidente-brizza-back-com-bracos-regulaveis","status":"publish","type":"product","link":"https:\/\/bertuluccimoveis.com.br\/index.php\/product\/cadeira-giratoria-presidente-brizza-back-com-bracos-regulaveis\/","title":{"rendered":"CADEIRA GIRAT\u00d3RIA PRESIDENTE BRIZZA BACK COM BRA\u00c7OS REGULAVEIS"},"content":{"rendered":"<p><span style=\"font-family: 'Proxima Nova', -apple-system, Roboto, Arial, sans-serif;font-size: 20px;background-color: #ffffff\">A harmonia perfeita entre versatilidade e leveza com um impressionante toque de eleg\u00e2ncia \u00e9 o que nos encanta ao observar a Cadeira Para Escrit\u00f3rio Brizza Presidente. Toda a sua concep\u00e7\u00e3o foi cuidadosamente pensada, a come\u00e7ar pelos rod\u00edzios, desenvolvidos para se adaptarem aos diferentes tipos de piso, desde os mais irregulares at\u00e9 os mais lisos.<\/span><\/p>\n<p>\u00a0<\/p>\n","protected":false},"excerpt":{"rendered":"<p><span style=\"font-family: 'Proxima Nova', -apple-system, Roboto, Arial, sans-serif;font-size: 20px;background-color: #ffffff\">A harmonia perfeita entre versatilidade e leveza com um impressionante toque de eleg\u00e2ncia \u00e9 o que nos encanta ao observar a Cadeira Para Escrit\u00f3rio Brizza Presidente. Toda a sua concep\u00e7\u00e3o foi cuidadosamente pensada, a come\u00e7ar pelos rod\u00edzios, desenvolvidos para se adaptarem aos diferentes tipos de piso, desde os mais irregulares at\u00e9 os mais lisos. Kit : Sim Peso (kg) : 15.86 Altura (cm) : 111.2 Girat\u00f3ria : Sim Empilh\u00e1vel : N\u00e3o Largura (cm) : 50 Possui Rod\u00edzio : Sim Suporta At\u00e9 (kg) : 110 Tipo de Pist\u00e3o : Classe 3 Ergon\u00f4mico (NR17) : Sim Profundidade (cm) : 45 Material da Estrutura : Metal Revestimento do Assento : Couro Ecol\u00f3gico Revestimento do Encosto : Tela Possui Apoio para Bra\u00e7os : Sim Bra\u00e7o com Ajuste de Altura : Sim Possui Regulagem de Altura de Assento : Sim Rod\u00edzios Antirrisco na Base : Sim Tipo de Mecanismo da Cadeira : Relax Tipo de Cadeira de Escrit\u00f3rio : Cadeira Presidente Marca : Plaxmetal Cor : Preto Itens Inclusos : 1 Cadeira e Manual <br \/><\/span><\/p>\n","protected":false},"featured_media":3463,"template":"","meta":{"_mi_skip_tracking":false,"_joinchat":[]},"product_cat":[15],"product_tag":[],"aioseo_notices":[],"_links":{"self":[{"href":"https:\/\/bertuluccimoveis.com.br\/index.php\/wp-json\/wp\/v3\/product\/3465"}],"collection":[{"href":"https:\/\/bertuluccimoveis.com.br\/index.php\/wp-json\/wp\/v3\/product"}],"about":[{"href":"https:\/\/bertuluccimoveis.com.br\/index.php\/wp-json\/wp\/v2\/types\/product"}],"wp:featuredmedia":[{"embeddable":true,"href":"https:\/\/bertuluccimoveis.com.br\/index.php\/wp-json\/wp\/v2\/media\/3463"}],"wp:attachment":[{"href":"https:\/\/bertuluccimoveis.com.br\/index.php\/wp-json\/wp\/v2\/media?parent=3465"}],"wp:term":[{"taxonomy":"product_cat","embeddable":true,"href":"https:\/\/bertuluccimoveis.com.br\/index.php\/wp-json\/wp\/v2\/product_cat?post=3465"},{"taxonomy":"product_tag","embeddable":true,"href":"https:\/\/bertuluccimoveis.com.br\/index.php\/wp-json\/wp\/v2\/product_tag?post=3465"}],"curies":[{"name":"wp","href":"https:\/\/api.w.org\/{rel}","templated":true}]}}